{"id":4971,"date":"2019-05-17T06:45:22","date_gmt":"2019-05-17T06:45:22","guid":{"rendered":"https:\/\/vilapenati.cz\/gallery\/"},"modified":"2022-10-31T13:30:57","modified_gmt":"2022-10-31T13:30:57","slug":"gallery","status":"publish","type":"page","link":"https:\/\/vilapenati.cz\/en\/gallery\/","title":{"rendered":"Gallery"},"content":{"rendered":"\t\t<div data-elementor-type=\"wp-post\" data-elementor-id=\"4971\" class=\"elementor elementor-4971\">\n\t\t\t\t\t\t<section class=\"elementor-section elementor-top-section elementor-element elementor-element-828d942 elementor-section-stretched elementor-section-boxed elementor-section-height-default elementor-section-height-default\" data-id=\"828d942\" data-element_type=\"section\" data-e-type=\"section\" data-settings=\"{&quot;stretch_section&quot;:&quot;section-stretched&quot;}\">\n\t\t\t\t\t\t<div class=\"elementor-container elementor-column-gap-no\">\n\t\t\t\t\t<div class=\"elementor-column elementor-col-100 elementor-top-column elementor-element elementor-element-40d1018\" data-id=\"40d1018\" data-element_type=\"column\" data-e-type=\"column\">\n\t\t\t<div class=\"elementor-widget-wrap elementor-element-populated\">\n\t\t\t\t\t\t<div class=\"elementor-element elementor-element-f7094ef animated-fast elementor-filter-center elementor-images-gallery-layout-default elementor-invisible elementor-widget elementor-widget-opal-image-gallery\" data-id=\"f7094ef\" data-element_type=\"widget\" data-e-type=\"widget\" data-settings=\"{&quot;_animation&quot;:&quot;opal-move-up&quot;}\" data-widget_type=\"opal-image-gallery.default\">\n\t\t\t\t<div class=\"elementor-widget-container\">\n\t\t\t\t\t            <ul class=\"elementor-galerry__filters\"\n                data-related=\"isotope-f7094ef\">\n                <li class=\"elementor-galerry__filter elementor-active\"\n                    data-filter=\".__all\">All<\/li>\n                                    <li class=\"elementor-galerry__filter\"\n                        data-filter=\".gallery_group_0\">Living room<\/li>\n                                    <li class=\"elementor-galerry__filter\"\n                        data-filter=\".gallery_group_1\">Bedroom<\/li>\n                                    <li class=\"elementor-galerry__filter\"\n                        data-filter=\".gallery_group_2\">Kitchen<\/li>\n                                    <li class=\"elementor-galerry__filter\"\n                        data-filter=\".gallery_group_3\">Garden and lake<\/li>\n                            <\/ul>\n            \n        <div class=\"elementor-opal-image-gallery\">\n            <div class=\"row grid isotope-grid\" data-elementor-columns=\"3\" data-elementor-columns-tablet=\"2\">\n                                        <div class=\"column-item grid__item masonry-item __all gallery_group_0\">\n                            <a data-elementor-open-lightbox=\"no\"                                href=\"https:\/\/vilapenati.cz\/wp-content\/uploads\/2022\/10\/vila-penati-obyvaci-pokoj-2.webp\">\n                                <img decoding=\"async\" src=\"https:\/\/vilapenati.cz\/wp-content\/uploads\/2022\/10\/vila-penati-obyvaci-pokoj-2.webp\"\n                                     alt=\"Vila Penati - ob\u00fdvac\u00ed pokoj | Ubytov\u00e1n\u00ed v golfov\u00e9m resortu\"\/>\n                                <div class=\"gallery-item-overlay\">\n                                    <i class=\"opal-icon-plus-circle\"><\/i>\n                                <\/div>\n                            <\/a>\n                        <\/div>\n                                                <div class=\"column-item grid__item masonry-item __all gallery_group_0\">\n                            <a data-elementor-open-lightbox=\"no\"                                href=\"https:\/\/vilapenati.cz\/wp-content\/uploads\/2022\/10\/vila-penati-obyvaci-pokoj-bg.webp\">\n                                <img decoding=\"async\" src=\"https:\/\/vilapenati.cz\/wp-content\/uploads\/2022\/10\/vila-penati-obyvaci-pokoj-bg.webp\"\n                                     alt=\"Vila Penati - ob\u00fdvac\u00ed pokoj | Ubytov\u00e1n\u00ed v golfov\u00e9m resortu\"\/>\n                                <div class=\"gallery-item-overlay\">\n                                    <i class=\"opal-icon-plus-circle\"><\/i>\n                                <\/div>\n                            <\/a>\n                        <\/div>\n                                                <div class=\"column-item grid__item masonry-item __all gallery_group_1\">\n                            <a data-elementor-open-lightbox=\"no\"                                href=\"https:\/\/vilapenati.cz\/wp-content\/uploads\/2022\/10\/vila-penati-loznice.webp\">\n                                <img decoding=\"async\" src=\"https:\/\/vilapenati.cz\/wp-content\/uploads\/2022\/10\/vila-penati-loznice.webp\"\n                                     alt=\"Vila Penati - lo\u017enice | Ubytov\u00e1n\u00ed v golfov\u00e9m resortu\"\/>\n                                <div class=\"gallery-item-overlay\">\n                                    <i class=\"opal-icon-plus-circle\"><\/i>\n                                <\/div>\n                            <\/a>\n                        <\/div>\n                                                <div class=\"column-item grid__item masonry-item __all gallery_group_1\">\n                            <a data-elementor-open-lightbox=\"no\"                                href=\"https:\/\/vilapenati.cz\/wp-content\/uploads\/2022\/10\/vila-penati-loznice-2.webp\">\n                                <img decoding=\"async\" src=\"https:\/\/vilapenati.cz\/wp-content\/uploads\/2022\/10\/vila-penati-loznice-2.webp\"\n                                     alt=\"Vila Penati - lo\u017enice | Ubytov\u00e1n\u00ed v golfov\u00e9m resortu\"\/>\n                                <div class=\"gallery-item-overlay\">\n                                    <i class=\"opal-icon-plus-circle\"><\/i>\n                                <\/div>\n                            <\/a>\n                        <\/div>\n                                                <div class=\"column-item grid__item masonry-item __all gallery_group_2\">\n                            <a data-elementor-open-lightbox=\"no\"                                href=\"https:\/\/vilapenati.cz\/wp-content\/uploads\/2022\/10\/vila-penati-kuchyn.webp\">\n                                <img decoding=\"async\" src=\"https:\/\/vilapenati.cz\/wp-content\/uploads\/2022\/10\/vila-penati-kuchyn.webp\"\n                                     alt=\"Vila Penati - kuchyn\u011b | Ubytov\u00e1n\u00ed v golfov\u00e9m resortu\"\/>\n                                <div class=\"gallery-item-overlay\">\n                                    <i class=\"opal-icon-plus-circle\"><\/i>\n                                <\/div>\n                            <\/a>\n                        <\/div>\n                                                <div class=\"column-item grid__item masonry-item __all gallery_group_2\">\n                            <a data-elementor-open-lightbox=\"no\"                                href=\"https:\/\/vilapenati.cz\/wp-content\/uploads\/2022\/10\/vila-penati-kuchyn-2.webp\">\n                                <img decoding=\"async\" src=\"https:\/\/vilapenati.cz\/wp-content\/uploads\/2022\/10\/vila-penati-kuchyn-2.webp\"\n                                     alt=\"Vila Penati - kuchyn\u011b | Ubytov\u00e1n\u00ed v golfov\u00e9m resortu\"\/>\n                                <div class=\"gallery-item-overlay\">\n                                    <i class=\"opal-icon-plus-circle\"><\/i>\n                                <\/div>\n                            <\/a>\n                        <\/div>\n                                                <div class=\"column-item grid__item masonry-item __all gallery_group_3\">\n                            <a data-elementor-open-lightbox=\"no\"                                href=\"https:\/\/vilapenati.cz\/wp-content\/uploads\/2022\/10\/vila-penati-terasa.webp\">\n                                <img decoding=\"async\" src=\"https:\/\/vilapenati.cz\/wp-content\/uploads\/2022\/10\/vila-penati-terasa.webp\"\n                                     alt=\"Vila Penati - terasa | Ubytov\u00e1n\u00ed v golfov\u00e9m resortu\"\/>\n                                <div class=\"gallery-item-overlay\">\n                                    <i class=\"opal-icon-plus-circle\"><\/i>\n                                <\/div>\n                            <\/a>\n                        <\/div>\n                                                <div class=\"column-item grid__item masonry-item __all gallery_group_3\">\n                            <a data-elementor-open-lightbox=\"no\"                                href=\"https:\/\/vilapenati.cz\/wp-content\/uploads\/2022\/10\/vila-penati-hriste.webp\">\n                                <img decoding=\"async\" src=\"https:\/\/vilapenati.cz\/wp-content\/uploads\/2022\/10\/vila-penati-hriste.webp\"\n                                     alt=\"Vila Penati - d\u011btsk\u00e9 h\u0159i\u0161t\u011b | Ubytov\u00e1n\u00ed v golfov\u00e9m resortu\"\/>\n                                <div class=\"gallery-item-overlay\">\n                                    <i class=\"opal-icon-plus-circle\"><\/i>\n                                <\/div>\n                            <\/a>\n                        <\/div>\n                                                <div class=\"column-item grid__item masonry-item __all gallery_group_3\">\n                            <a data-elementor-open-lightbox=\"no\"                                href=\"https:\/\/vilapenati.cz\/wp-content\/uploads\/2022\/10\/vila-penati-hriste-2.webp\">\n                                <img decoding=\"async\" src=\"https:\/\/vilapenati.cz\/wp-content\/uploads\/2022\/10\/vila-penati-hriste-2.webp\"\n                                     alt=\"Vila Penati - h\u0159i\u0161t\u011b | Ubytov\u00e1n\u00ed v golfov\u00e9m resortu\"\/>\n                                <div class=\"gallery-item-overlay\">\n                                    <i class=\"opal-icon-plus-circle\"><\/i>\n                                <\/div>\n                            <\/a>\n                        <\/div>\n                                                <div class=\"column-item grid__item masonry-item __all gallery_group_3\">\n                            <a data-elementor-open-lightbox=\"no\"                                href=\"https:\/\/vilapenati.cz\/wp-content\/uploads\/2022\/10\/vila-penati-molo-bg.webp\">\n                                <img decoding=\"async\" src=\"https:\/\/vilapenati.cz\/wp-content\/uploads\/2022\/10\/vila-penati-molo-bg.webp\"\n                                     alt=\"Vila Penati - molo | Ubytov\u00e1n\u00ed v golfov\u00e9m resortu\"\/>\n                                <div class=\"gallery-item-overlay\">\n                                    <i class=\"opal-icon-plus-circle\"><\/i>\n                                <\/div>\n                            <\/a>\n                        <\/div>\n                                                <div class=\"column-item grid__item masonry-item __all gallery_group_3\">\n                            <a data-elementor-open-lightbox=\"no\"                                href=\"https:\/\/vilapenati.cz\/wp-content\/uploads\/2022\/10\/vila-penati-bg.webp\">\n                                <img decoding=\"async\" src=\"https:\/\/vilapenati.cz\/wp-content\/uploads\/2022\/10\/vila-penati-bg.webp\"\n                                     alt=\"Vila Penati | Ubytov\u00e1n\u00ed v golfov\u00e9m resortu\"\/>\n                                <div class=\"gallery-item-overlay\">\n                                    <i class=\"opal-icon-plus-circle\"><\/i>\n                                <\/div>\n                            <\/a>\n                        <\/div>\n                                    <\/div>\n        <\/div>\n\n        \t\t\t\t<\/div>\n\t\t\t\t<\/div>\n\t\t\t\t\t<\/div>\n\t\t<\/div>\n\t\t\t\t\t<\/div>\n\t\t<\/section>\n\t\t\t\t<\/div>\n\t\t","protected":false},"excerpt":{"rendered":"<p>All Living room Bedroom Kitchen Garden and lake<\/p>\n","protected":false},"author":1,"featured_media":0,"parent":0,"menu_order":0,"comment_status":"closed","ping_status":"closed","template":"page-elementor.php","meta":{"_monsterinsights_skip_tracking":false,"_monsterinsights_sitenote_active":false,"_monsterinsights_sitenote_note":"","_monsterinsights_sitenote_category":0,"footnotes":""},"class_list":["post-4971","page","type-page","status-publish","hentry"],"yoast_head":"<!-- This site is optimized with the Yoast SEO plugin v27.4 - https:\/\/yoast.com\/product\/yoast-seo-wordpress\/ -->\n<title>Gallery | Vila Penati<\/title>\n<meta name=\"description\" content=\"Take a look at the accommodation in Villa Penati and its beautiful surroundings. Golf course views, private lakeside pier and much more!\" \/>\n<meta name=\"robots\" content=\"index, follow, max-snippet:-1, max-image-preview:large, max-video-preview:-1\" \/>\n<link rel=\"canonical\" href=\"https:\/\/vilapenati.cz\/en\/gallery\/\" \/>\n<meta property=\"og:locale\" content=\"en_US\" \/>\n<meta property=\"og:type\" content=\"article\" \/>\n<meta property=\"og:title\" content=\"Gallery | Vila Penati\" \/>\n<meta property=\"og:description\" content=\"Take a look at the accommodation in Villa Penati and its beautiful surroundings. Golf course views, private lakeside pier and much more!\" \/>\n<meta property=\"og:url\" content=\"https:\/\/vilapenati.cz\/en\/gallery\/\" \/>\n<meta property=\"og:site_name\" content=\"Vila Penati\" \/>\n<meta property=\"article:modified_time\" content=\"2022-10-31T13:30:57+00:00\" \/>\n<meta property=\"og:image\" content=\"https:\/\/vilapenati.cz\/wp-content\/uploads\/2022\/10\/vila-penati-obyvaci-pokoj-2.webp\" \/>\n<meta name=\"twitter:card\" content=\"summary_large_image\" \/>\n<meta name=\"twitter:label1\" content=\"Est. reading time\" \/>\n\t<meta name=\"twitter:data1\" content=\"3 minutes\" \/>\n<script type=\"application\/ld+json\" class=\"yoast-schema-graph\">{\"@context\":\"https:\\\/\\\/schema.org\",\"@graph\":[{\"@type\":\"WebPage\",\"@id\":\"https:\\\/\\\/vilapenati.cz\\\/en\\\/gallery\\\/\",\"url\":\"https:\\\/\\\/vilapenati.cz\\\/en\\\/gallery\\\/\",\"name\":\"Gallery | Vila Penati\",\"isPartOf\":{\"@id\":\"https:\\\/\\\/vilapenati.cz\\\/en\\\/#website\"},\"primaryImageOfPage\":{\"@id\":\"https:\\\/\\\/vilapenati.cz\\\/en\\\/gallery\\\/#primaryimage\"},\"image\":{\"@id\":\"https:\\\/\\\/vilapenati.cz\\\/en\\\/gallery\\\/#primaryimage\"},\"thumbnailUrl\":\"https:\\\/\\\/vilapenati.cz\\\/wp-content\\\/uploads\\\/2022\\\/10\\\/vila-penati-obyvaci-pokoj-2.webp\",\"datePublished\":\"2019-05-17T06:45:22+00:00\",\"dateModified\":\"2022-10-31T13:30:57+00:00\",\"description\":\"Take a look at the accommodation in Villa Penati and its beautiful surroundings. Golf course views, private lakeside pier and much more!\",\"breadcrumb\":{\"@id\":\"https:\\\/\\\/vilapenati.cz\\\/en\\\/gallery\\\/#breadcrumb\"},\"inLanguage\":\"en-US\",\"potentialAction\":[{\"@type\":\"ReadAction\",\"target\":[\"https:\\\/\\\/vilapenati.cz\\\/en\\\/gallery\\\/\"]}]},{\"@type\":\"ImageObject\",\"inLanguage\":\"en-US\",\"@id\":\"https:\\\/\\\/vilapenati.cz\\\/en\\\/gallery\\\/#primaryimage\",\"url\":\"https:\\\/\\\/vilapenati.cz\\\/wp-content\\\/uploads\\\/2022\\\/10\\\/vila-penati-obyvaci-pokoj-2.webp\",\"contentUrl\":\"https:\\\/\\\/vilapenati.cz\\\/wp-content\\\/uploads\\\/2022\\\/10\\\/vila-penati-obyvaci-pokoj-2.webp\"},{\"@type\":\"BreadcrumbList\",\"@id\":\"https:\\\/\\\/vilapenati.cz\\\/en\\\/gallery\\\/#breadcrumb\",\"itemListElement\":[{\"@type\":\"ListItem\",\"position\":1,\"name\":\"Home\",\"item\":\"https:\\\/\\\/vilapenati.cz\\\/en\\\/\"},{\"@type\":\"ListItem\",\"position\":2,\"name\":\"Gallery\"}]},{\"@type\":\"WebSite\",\"@id\":\"https:\\\/\\\/vilapenati.cz\\\/en\\\/#website\",\"url\":\"https:\\\/\\\/vilapenati.cz\\\/en\\\/\",\"name\":\"Vila Penati\",\"description\":\"Ubytov\u00e1n\u00ed v golfov\u00e9m resortu\",\"publisher\":{\"@id\":\"https:\\\/\\\/vilapenati.cz\\\/en\\\/#organization\"},\"potentialAction\":[{\"@type\":\"SearchAction\",\"target\":{\"@type\":\"EntryPoint\",\"urlTemplate\":\"https:\\\/\\\/vilapenati.cz\\\/en\\\/?s={search_term_string}\"},\"query-input\":{\"@type\":\"PropertyValueSpecification\",\"valueRequired\":true,\"valueName\":\"search_term_string\"}}],\"inLanguage\":\"en-US\"},{\"@type\":\"Organization\",\"@id\":\"https:\\\/\\\/vilapenati.cz\\\/en\\\/#organization\",\"name\":\"Vila Penati\",\"url\":\"https:\\\/\\\/vilapenati.cz\\\/en\\\/\",\"logo\":{\"@type\":\"ImageObject\",\"inLanguage\":\"en-US\",\"@id\":\"https:\\\/\\\/vilapenati.cz\\\/en\\\/#\\\/schema\\\/logo\\\/image\\\/\",\"url\":\"https:\\\/\\\/vilapenati.cz\\\/wp-content\\\/uploads\\\/2022\\\/08\\\/logo-black.png\",\"contentUrl\":\"https:\\\/\\\/vilapenati.cz\\\/wp-content\\\/uploads\\\/2022\\\/08\\\/logo-black.png\",\"width\":424,\"height\":102,\"caption\":\"Vila Penati\"},\"image\":{\"@id\":\"https:\\\/\\\/vilapenati.cz\\\/en\\\/#\\\/schema\\\/logo\\\/image\\\/\"}}]}<\/script>\n<!-- \/ Yoast SEO plugin. -->","yoast_head_json":{"title":"Gallery | Vila Penati","description":"Take a look at the accommodation in Villa Penati and its beautiful surroundings. Golf course views, private lakeside pier and much more!","robots":{"index":"index","follow":"follow","max-snippet":"max-snippet:-1","max-image-preview":"max-image-preview:large","max-video-preview":"max-video-preview:-1"},"canonical":"https:\/\/vilapenati.cz\/en\/gallery\/","og_locale":"en_US","og_type":"article","og_title":"Gallery | Vila Penati","og_description":"Take a look at the accommodation in Villa Penati and its beautiful surroundings. Golf course views, private lakeside pier and much more!","og_url":"https:\/\/vilapenati.cz\/en\/gallery\/","og_site_name":"Vila Penati","article_modified_time":"2022-10-31T13:30:57+00:00","og_image":[{"url":"https:\/\/vilapenati.cz\/wp-content\/uploads\/2022\/10\/vila-penati-obyvaci-pokoj-2.webp","type":"","width":"","height":""}],"twitter_card":"summary_large_image","twitter_misc":{"Est. reading time":"3 minutes"},"schema":{"@context":"https:\/\/schema.org","@graph":[{"@type":"WebPage","@id":"https:\/\/vilapenati.cz\/en\/gallery\/","url":"https:\/\/vilapenati.cz\/en\/gallery\/","name":"Gallery | Vila Penati","isPartOf":{"@id":"https:\/\/vilapenati.cz\/en\/#website"},"primaryImageOfPage":{"@id":"https:\/\/vilapenati.cz\/en\/gallery\/#primaryimage"},"image":{"@id":"https:\/\/vilapenati.cz\/en\/gallery\/#primaryimage"},"thumbnailUrl":"https:\/\/vilapenati.cz\/wp-content\/uploads\/2022\/10\/vila-penati-obyvaci-pokoj-2.webp","datePublished":"2019-05-17T06:45:22+00:00","dateModified":"2022-10-31T13:30:57+00:00","description":"Take a look at the accommodation in Villa Penati and its beautiful surroundings. Golf course views, private lakeside pier and much more!","breadcrumb":{"@id":"https:\/\/vilapenati.cz\/en\/gallery\/#breadcrumb"},"inLanguage":"en-US","potentialAction":[{"@type":"ReadAction","target":["https:\/\/vilapenati.cz\/en\/gallery\/"]}]},{"@type":"ImageObject","inLanguage":"en-US","@id":"https:\/\/vilapenati.cz\/en\/gallery\/#primaryimage","url":"https:\/\/vilapenati.cz\/wp-content\/uploads\/2022\/10\/vila-penati-obyvaci-pokoj-2.webp","contentUrl":"https:\/\/vilapenati.cz\/wp-content\/uploads\/2022\/10\/vila-penati-obyvaci-pokoj-2.webp"},{"@type":"BreadcrumbList","@id":"https:\/\/vilapenati.cz\/en\/gallery\/#breadcrumb","itemListElement":[{"@type":"ListItem","position":1,"name":"Home","item":"https:\/\/vilapenati.cz\/en\/"},{"@type":"ListItem","position":2,"name":"Gallery"}]},{"@type":"WebSite","@id":"https:\/\/vilapenati.cz\/en\/#website","url":"https:\/\/vilapenati.cz\/en\/","name":"Vila Penati","description":"Ubytov\u00e1n\u00ed v golfov\u00e9m resortu","publisher":{"@id":"https:\/\/vilapenati.cz\/en\/#organization"},"potentialAction":[{"@type":"SearchAction","target":{"@type":"EntryPoint","urlTemplate":"https:\/\/vilapenati.cz\/en\/?s={search_term_string}"},"query-input":{"@type":"PropertyValueSpecification","valueRequired":true,"valueName":"search_term_string"}}],"inLanguage":"en-US"},{"@type":"Organization","@id":"https:\/\/vilapenati.cz\/en\/#organization","name":"Vila Penati","url":"https:\/\/vilapenati.cz\/en\/","logo":{"@type":"ImageObject","inLanguage":"en-US","@id":"https:\/\/vilapenati.cz\/en\/#\/schema\/logo\/image\/","url":"https:\/\/vilapenati.cz\/wp-content\/uploads\/2022\/08\/logo-black.png","contentUrl":"https:\/\/vilapenati.cz\/wp-content\/uploads\/2022\/08\/logo-black.png","width":424,"height":102,"caption":"Vila Penati"},"image":{"@id":"https:\/\/vilapenati.cz\/en\/#\/schema\/logo\/image\/"}}]}},"_links":{"self":[{"href":"https:\/\/vilapenati.cz\/en\/wp-json\/wp\/v2\/pages\/4971","targetHints":{"allow":["GET"]}}],"collection":[{"href":"https:\/\/vilapenati.cz\/en\/wp-json\/wp\/v2\/pages"}],"about":[{"href":"https:\/\/vilapenati.cz\/en\/wp-json\/wp\/v2\/types\/page"}],"author":[{"embeddable":true,"href":"https:\/\/vilapenati.cz\/en\/wp-json\/wp\/v2\/users\/1"}],"replies":[{"embeddable":true,"href":"https:\/\/vilapenati.cz\/en\/wp-json\/wp\/v2\/comments?post=4971"}],"version-history":[{"count":0,"href":"https:\/\/vilapenati.cz\/en\/wp-json\/wp\/v2\/pages\/4971\/revisions"}],"wp:attachment":[{"href":"https:\/\/vilapenati.cz\/en\/wp-json\/wp\/v2\/media?parent=4971"}],"curies":[{"name":"wp","href":"https:\/\/api.w.org\/{rel}","templated":true}]}}