{"id":4968,"date":"2019-05-17T07:13:09","date_gmt":"2019-05-17T07:13:09","guid":{"rendered":"https:\/\/vilapenati.cz\/contact\/"},"modified":"2022-10-31T13:30:47","modified_gmt":"2022-10-31T13:30:47","slug":"contact","status":"publish","type":"page","link":"https:\/\/vilapenati.cz\/en\/contact\/","title":{"rendered":"Contact"},"content":{"rendered":"\t\t<div data-elementor-type=\"wp-post\" data-elementor-id=\"4968\" class=\"elementor elementor-4968\">\n\t\t\t\t\t\t<section class=\"elementor-section elementor-top-section elementor-element elementor-element-c648961 elementor-section-stretched elementor-section-boxed elementor-section-height-default elementor-section-height-default\" data-id=\"c648961\" data-element_type=\"section\" data-e-type=\"section\" data-settings=\"{&quot;stretch_section&quot;:&quot;section-stretched&quot;,&quot;background_background&quot;:&quot;classic&quot;}\">\n\t\t\t\t\t\t<div class=\"elementor-container elementor-column-gap-no\">\n\t\t\t\t\t<div class=\"elementor-column elementor-col-50 elementor-top-column elementor-element elementor-element-b59ff06\" data-id=\"b59ff06\" data-element_type=\"column\" data-e-type=\"column\">\n\t\t\t<div class=\"elementor-widget-wrap elementor-element-populated\">\n\t\t\t\t\t\t<section class=\"elementor-section elementor-inner-section elementor-element elementor-element-eb24307 elementor-section-full_width animated-fast elementor-section-height-default elementor-section-height-default elementor-invisible\" data-id=\"eb24307\" data-element_type=\"section\" data-e-type=\"section\" data-settings=\"{&quot;animation&quot;:&quot;opal-move-up&quot;}\">\n\t\t\t\t\t\t<div class=\"elementor-container elementor-column-gap-no\">\n\t\t\t\t\t<div class=\"elementor-column elementor-col-100 elementor-inner-column elementor-element elementor-element-e317ba9\" data-id=\"e317ba9\" data-element_type=\"column\" data-e-type=\"column\">\n\t\t\t<div class=\"elementor-widget-wrap elementor-element-populated\">\n\t\t\t\t\t\t<div class=\"elementor-element elementor-element-fecde2b animated-fast elementor-invisible elementor-widget elementor-widget-heading\" data-id=\"fecde2b\" data-element_type=\"widget\" data-e-type=\"widget\" data-settings=\"{&quot;_animation&quot;:&quot;opal-move-up&quot;}\" data-widget_type=\"heading.default\">\n\t\t\t\t<div class=\"elementor-widget-container\">\n\t\t\t\t\t<div class=\"decor\"><span class=\"dot\"><\/span><\/div><h2 class=\"elementor-heading-title elementor-size-default\">We look forward to hearing from you!  <\/h2>\t\t\t\t<\/div>\n\t\t\t\t<\/div>\n\t\t\t\t<div class=\"elementor-element elementor-element-c835ecf elementor-widget elementor-widget-heading\" data-id=\"c835ecf\" data-element_type=\"widget\" data-e-type=\"widget\" data-widget_type=\"heading.default\">\n\t\t\t\t<div class=\"elementor-widget-container\">\n\t\t\t\t\t<div class=\"decor\"><span class=\"dot\"><\/span><\/div><h2 class=\"elementor-heading-title elementor-size-default\">Address<\/h2>\t\t\t\t<\/div>\n\t\t\t\t<\/div>\n\t\t\t\t<div class=\"elementor-element elementor-element-c604110 elementor-widget elementor-widget-icon-list\" data-id=\"c604110\" data-element_type=\"widget\" data-e-type=\"widget\" data-widget_type=\"icon-list.default\">\n\t\t\t\t<div class=\"elementor-widget-container\">\n\t\t\t\t\t        <ul class=\"elementor-icon-list-items\">\n                            <li class=\"elementor-icon-list-item\" >\n                    <a href=\"https:\/\/goo.gl\/maps\/1Bng6EJZcT41aoq78\">                        <span class=\"elementor-icon-list-icon\">\n\t\t\t\t\t\t\t<i class=\"opal-icon-map-marker-alt\" aria-hidden=\"true\"><\/i>\n\t\t\t\t\t\t<\/span>\n                                        <span class=\"elementor-icon-list-text\"><a href=\"https:\/\/goo.gl\/maps\/1Bng6EJZcT41aoq78\" target=\"_blank\" rel=\"noopener\">\u0160ajdikove Humence 642, Slovakia<\/a><\/span>\n                                            <\/a>\n                                    <\/li>\n                            <li class=\"elementor-icon-list-item\" >\n                    <a href=\"https:\/\/goo.gl\/maps\/1Bng6EJZcT41aoq78\">                        <span class=\"elementor-icon-list-icon\">\n\t\t\t\t\t\t\t<i class=\"opal-icon-home-lg-alt\" aria-hidden=\"true\"><\/i>\n\t\t\t\t\t\t<\/span>\n                                        <span class=\"elementor-icon-list-text\"><p><a href=\"https:\/\/goo.gl\/maps\/1Bng6EJZcT41aoq78\" target=\"_blank\" rel=\"noopener\">Villa no. 642<\/a><\/p><\/span>\n                                            <\/a>\n                                    <\/li>\n                    <\/ul>\n        \t\t\t\t<\/div>\n\t\t\t\t<\/div>\n\t\t\t\t<div class=\"elementor-element elementor-element-4d4dfff elementor-widget elementor-widget-heading\" data-id=\"4d4dfff\" data-element_type=\"widget\" data-e-type=\"widget\" data-widget_type=\"heading.default\">\n\t\t\t\t<div class=\"elementor-widget-container\">\n\t\t\t\t\t<div class=\"decor\"><span class=\"dot\"><\/span><\/div><h2 class=\"elementor-heading-title elementor-size-default\">Email<\/h2>\t\t\t\t<\/div>\n\t\t\t\t<\/div>\n\t\t\t\t<div class=\"elementor-element elementor-element-2f60ae3 elementor-widget elementor-widget-icon-list\" data-id=\"2f60ae3\" data-element_type=\"widget\" data-e-type=\"widget\" data-widget_type=\"icon-list.default\">\n\t\t\t\t<div class=\"elementor-widget-container\">\n\t\t\t\t\t        <ul class=\"elementor-icon-list-items\">\n                            <li class=\"elementor-icon-list-item\" >\n                    <a href=\"mailto:info@vilapenati.cz\">                        <span class=\"elementor-icon-list-icon\">\n\t\t\t\t\t\t\t<i class=\"opal-icon-envelope\" aria-hidden=\"true\"><\/i>\n\t\t\t\t\t\t<\/span>\n                                        <span class=\"elementor-icon-list-text\"><p><a href=\"mailto:rezervace@vilapenati.cz\">rezervace@vilapenati.cz<\/a><\/p><\/span>\n                                            <\/a>\n                                    <\/li>\n                    <\/ul>\n        \t\t\t\t<\/div>\n\t\t\t\t<\/div>\n\t\t\t\t<div class=\"elementor-element elementor-element-a2a85e2 elementor-widget elementor-widget-heading\" data-id=\"a2a85e2\" data-element_type=\"widget\" data-e-type=\"widget\" data-widget_type=\"heading.default\">\n\t\t\t\t<div class=\"elementor-widget-container\">\n\t\t\t\t\t<div class=\"decor\"><span class=\"dot\"><\/span><\/div><h2 class=\"elementor-heading-title elementor-size-default\">Phone<\/h2>\t\t\t\t<\/div>\n\t\t\t\t<\/div>\n\t\t\t\t\t<\/div>\n\t\t<\/div>\n\t\t\t\t\t<\/div>\n\t\t<\/section>\n\t\t\t\t<div class=\"elementor-element elementor-element-b2fdda0 elementor-invisible elementor-widget elementor-widget-icon-list\" data-id=\"b2fdda0\" data-element_type=\"widget\" data-e-type=\"widget\" data-settings=\"{&quot;_animation&quot;:&quot;fadeInUp&quot;}\" data-widget_type=\"icon-list.default\">\n\t\t\t\t<div class=\"elementor-widget-container\">\n\t\t\t\t\t        <ul class=\"elementor-icon-list-items\">\n                            <li class=\"elementor-icon-list-item\" >\n                    <a href=\"tel:00420775719988\">                        <span class=\"elementor-icon-list-icon\">\n\t\t\t\t\t\t\t<i class=\"fa fa-mobile-phone\" aria-hidden=\"true\"><\/i>\n\t\t\t\t\t\t<\/span>\n                                        <span class=\"elementor-icon-list-text\"><p><a href=\"tel:00420775719988\" rel=\"noopener\"><span class=\"elementor-icon-list-text\">+420 775 719 988<\/span><\/a><\/p><\/span>\n                                            <\/a>\n                                    <\/li>\n                    <\/ul>\n        \t\t\t\t<\/div>\n\t\t\t\t<\/div>\n\t\t\t\t\t<\/div>\n\t\t<\/div>\n\t\t\t\t<div class=\"elementor-column elementor-col-50 elementor-top-column elementor-element elementor-element-226495e\" data-id=\"226495e\" data-element_type=\"column\" data-e-type=\"column\">\n\t\t\t<div class=\"elementor-widget-wrap elementor-element-populated\">\n\t\t\t\t\t\t<div class=\"elementor-element elementor-element-7c0ca3a animated-fast elementor-invisible elementor-widget elementor-widget-heading\" data-id=\"7c0ca3a\" data-element_type=\"widget\" data-e-type=\"widget\" data-settings=\"{&quot;_animation&quot;:&quot;opal-move-up&quot;}\" data-widget_type=\"heading.default\">\n\t\t\t\t<div class=\"elementor-widget-container\">\n\t\t\t\t\t<div class=\"decor\"><span class=\"dot\"><\/span><\/div><h2 class=\"elementor-heading-title elementor-size-default\">Send us a message<\/h2>\t\t\t\t<\/div>\n\t\t\t\t<\/div>\n\t\t\t\t<div class=\"elementor-element elementor-element-591fb3a animated-fast elementor-wpcf7-button-lg elementor-wpcf7-button-primary elementor-invisible elementor-widget elementor-widget-opal-contactform7\" data-id=\"591fb3a\" data-element_type=\"widget\" data-e-type=\"widget\" data-settings=\"{&quot;_animation&quot;:&quot;opal-scale-up&quot;}\" data-widget_type=\"opal-contactform7.default\">\n\t\t\t\t<div class=\"elementor-widget-container\">\n\t\t\t\t\t        \n<div class=\"wpcf7 no-js\" id=\"wpcf7-f5147-o1\" lang=\"en-US\" dir=\"ltr\" data-wpcf7-id=\"5147\">\n<div class=\"screen-reader-response\"><p role=\"status\" aria-live=\"polite\" aria-atomic=\"true\"><\/p> <ul><\/ul><\/div>\n<form action=\"\/en\/wp-json\/wp\/v2\/pages\/4968#wpcf7-f5147-o1\" method=\"post\" class=\"wpcf7-form init\" aria-label=\"Contact form\" novalidate=\"novalidate\" data-status=\"init\">\n<fieldset class=\"hidden-fields-container\"><input type=\"hidden\" name=\"_wpcf7\" value=\"5147\" \/><input type=\"hidden\" name=\"_wpcf7_version\" value=\"6.1.5\" \/><input type=\"hidden\" name=\"_wpcf7_locale\" value=\"en_US\" \/><input type=\"hidden\" name=\"_wpcf7_unit_tag\" value=\"wpcf7-f5147-o1\" \/><input type=\"hidden\" name=\"_wpcf7_container_post\" value=\"0\" \/><input type=\"hidden\" name=\"_wpcf7_posted_data_hash\" value=\"\" \/><input type=\"hidden\" name=\"_wpcf7_recaptcha_response\" value=\"\" \/>\n<\/fieldset>\n<div class=\"row\">\n\t<div class=\"col-sm-6\">\n\t\t<div class=\"mb-2\">\n\t\t\t<p><span class=\"wpcf7-form-control-wrap\" data-name=\"text-48\"><input size=\"40\" maxlength=\"400\" class=\"wpcf7-form-control wpcf7-text wpcf7-validates-as-required\" aria-required=\"true\" aria-invalid=\"false\" placeholder=\"Name\" value=\"\" type=\"text\" name=\"text-48\" \/><\/span>\n\t\t\t<\/p>\n\t\t<\/div>\n\t<\/div>\n\t<div class=\"col-sm-6\">\n\t\t<div class=\"mb-2\">\n\t\t\t<p><span class=\"wpcf7-form-control-wrap\" data-name=\"email-672\"><input size=\"40\" maxlength=\"400\" class=\"wpcf7-form-control wpcf7-email wpcf7-validates-as-required wpcf7-text wpcf7-validates-as-email\" aria-required=\"true\" aria-invalid=\"false\" placeholder=\"Email\" value=\"\" type=\"email\" name=\"email-672\" \/><\/span>\n\t\t\t<\/p>\n\t\t<\/div>\n\t<\/div>\n\t<div class=\"col-sm-12\">\n\t\t<div class=\"mb-4\">\n\t\t\t<p><span class=\"wpcf7-form-control-wrap\" data-name=\"textarea-486\"><textarea cols=\"40\" rows=\"6\" maxlength=\"2000\" class=\"wpcf7-form-control wpcf7-textarea wpcf7-validates-as-required\" aria-required=\"true\" aria-invalid=\"false\" placeholder=\"Message\" name=\"textarea-486\"><\/textarea><\/span>\n\t\t\t<\/p>\n\t\t<\/div>\n\t\t<div class=\"mt-4\">\n\t\t\t<p><span class=\"wpcf7-form-control-wrap\" data-name=\"acceptance-653\"><span class=\"wpcf7-form-control wpcf7-acceptance\"><span class=\"wpcf7-list-item\"><label><input type=\"checkbox\" name=\"acceptance-653\" value=\"1\" aria-invalid=\"false\" \/><span class=\"wpcf7-list-item-label\">By submitting you agree to the <a href=\"\/ochrana-osobnich-udaju\">processing of your personal data<\/a><\/span><\/label><\/span><\/span><\/span>\n\t\t\t<\/p>\n\t\t<\/div>\n\t\t<div class=\"mt-2\">\n\t\t\t<p><input class=\"wpcf7-form-control wpcf7-submit has-spinner\" type=\"submit\" value=\"Send\" \/>\n\t\t\t<\/p>\n\t\t<\/div>\n\t<\/div>\n<\/div><div class=\"wpcf7-response-output\" aria-hidden=\"true\"><\/div>\n<\/form>\n<\/div>\n\t\t\t\t<\/div>\n\t\t\t\t<\/div>\n\t\t\t\t\t<\/div>\n\t\t<\/div>\n\t\t\t\t\t<\/div>\n\t\t<\/section>\n\t\t\t\t<\/div>\n\t\t","protected":false},"excerpt":{"rendered":"<p>We look forward to hearing from you! Address \u0160ajdikove Humence 642, Slovakia Villa no. 642 Email rezervace@vilapenati.cz Phone +420 775 719 988 Send us a message Odesl\u00e1n\u00edm souhlas\u00edte se zpracov\u00e1n\u00edm osobn\u00edch \u00fadaj\u016f<\/p>\n","protected":false},"author":1,"featured_media":0,"parent":0,"menu_order":0,"comment_status":"closed","ping_status":"closed","template":"page-elementor.php","meta":{"_monsterinsights_skip_tracking":false,"_monsterinsights_sitenote_active":false,"_monsterinsights_sitenote_note":"","_monsterinsights_sitenote_category":0,"footnotes":""},"class_list":["post-4968","page","type-page","status-publish","hentry"],"yoast_head":"<!-- This site is optimized with the Yoast SEO plugin v27.4 - https:\/\/yoast.com\/product\/yoast-seo-wordpress\/ -->\n<title>Contact | Vila Penati<\/title>\n<meta name=\"description\" content=\"Accommodation Villa Penati offers a beautiful relaxing holiday. Use our contacts to book your stay in the heart of the golf resort.\" \/>\n<meta name=\"robots\" content=\"index, follow, max-snippet:-1, max-image-preview:large, max-video-preview:-1\" \/>\n<link rel=\"canonical\" href=\"https:\/\/vilapenati.cz\/en\/contact\/\" \/>\n<meta property=\"og:locale\" content=\"en_US\" \/>\n<meta property=\"og:type\" content=\"article\" \/>\n<meta property=\"og:title\" content=\"Contact | Vila Penati\" \/>\n<meta property=\"og:description\" content=\"Accommodation Villa Penati offers a beautiful relaxing holiday. Use our contacts to book your stay in the heart of the golf resort.\" \/>\n<meta property=\"og:url\" content=\"https:\/\/vilapenati.cz\/en\/contact\/\" \/>\n<meta property=\"og:site_name\" content=\"Vila Penati\" \/>\n<meta property=\"article:modified_time\" content=\"2022-10-31T13:30:47+00:00\" \/>\n<meta name=\"twitter:card\" content=\"summary_large_image\" \/>\n<meta name=\"twitter:label1\" content=\"Est. reading time\" \/>\n\t<meta name=\"twitter:data1\" content=\"1 minute\" \/>\n<script type=\"application\/ld+json\" class=\"yoast-schema-graph\">{\"@context\":\"https:\\\/\\\/schema.org\",\"@graph\":[{\"@type\":\"WebPage\",\"@id\":\"https:\\\/\\\/vilapenati.cz\\\/en\\\/contact\\\/\",\"url\":\"https:\\\/\\\/vilapenati.cz\\\/en\\\/contact\\\/\",\"name\":\"Contact | Vila Penati\",\"isPartOf\":{\"@id\":\"https:\\\/\\\/vilapenati.cz\\\/en\\\/#website\"},\"datePublished\":\"2019-05-17T07:13:09+00:00\",\"dateModified\":\"2022-10-31T13:30:47+00:00\",\"description\":\"Accommodation Villa Penati offers a beautiful relaxing holiday. Use our contacts to book your stay in the heart of the golf resort.\",\"breadcrumb\":{\"@id\":\"https:\\\/\\\/vilapenati.cz\\\/en\\\/contact\\\/#breadcrumb\"},\"inLanguage\":\"en-US\",\"potentialAction\":[{\"@type\":\"ReadAction\",\"target\":[\"https:\\\/\\\/vilapenati.cz\\\/en\\\/contact\\\/\"]}]},{\"@type\":\"BreadcrumbList\",\"@id\":\"https:\\\/\\\/vilapenati.cz\\\/en\\\/contact\\\/#breadcrumb\",\"itemListElement\":[{\"@type\":\"ListItem\",\"position\":1,\"name\":\"Home\",\"item\":\"https:\\\/\\\/vilapenati.cz\\\/en\\\/\"},{\"@type\":\"ListItem\",\"position\":2,\"name\":\"Contact\"}]},{\"@type\":\"WebSite\",\"@id\":\"https:\\\/\\\/vilapenati.cz\\\/en\\\/#website\",\"url\":\"https:\\\/\\\/vilapenati.cz\\\/en\\\/\",\"name\":\"Vila Penati\",\"description\":\"Ubytov\u00e1n\u00ed v golfov\u00e9m resortu\",\"publisher\":{\"@id\":\"https:\\\/\\\/vilapenati.cz\\\/en\\\/#organization\"},\"potentialAction\":[{\"@type\":\"SearchAction\",\"target\":{\"@type\":\"EntryPoint\",\"urlTemplate\":\"https:\\\/\\\/vilapenati.cz\\\/en\\\/?s={search_term_string}\"},\"query-input\":{\"@type\":\"PropertyValueSpecification\",\"valueRequired\":true,\"valueName\":\"search_term_string\"}}],\"inLanguage\":\"en-US\"},{\"@type\":\"Organization\",\"@id\":\"https:\\\/\\\/vilapenati.cz\\\/en\\\/#organization\",\"name\":\"Vila Penati\",\"url\":\"https:\\\/\\\/vilapenati.cz\\\/en\\\/\",\"logo\":{\"@type\":\"ImageObject\",\"inLanguage\":\"en-US\",\"@id\":\"https:\\\/\\\/vilapenati.cz\\\/en\\\/#\\\/schema\\\/logo\\\/image\\\/\",\"url\":\"https:\\\/\\\/vilapenati.cz\\\/wp-content\\\/uploads\\\/2022\\\/08\\\/logo-black.png\",\"contentUrl\":\"https:\\\/\\\/vilapenati.cz\\\/wp-content\\\/uploads\\\/2022\\\/08\\\/logo-black.png\",\"width\":424,\"height\":102,\"caption\":\"Vila Penati\"},\"image\":{\"@id\":\"https:\\\/\\\/vilapenati.cz\\\/en\\\/#\\\/schema\\\/logo\\\/image\\\/\"}}]}<\/script>\n<!-- \/ Yoast SEO plugin. -->","yoast_head_json":{"title":"Contact | Vila Penati","description":"Accommodation Villa Penati offers a beautiful relaxing holiday. Use our contacts to book your stay in the heart of the golf resort.","robots":{"index":"index","follow":"follow","max-snippet":"max-snippet:-1","max-image-preview":"max-image-preview:large","max-video-preview":"max-video-preview:-1"},"canonical":"https:\/\/vilapenati.cz\/en\/contact\/","og_locale":"en_US","og_type":"article","og_title":"Contact | Vila Penati","og_description":"Accommodation Villa Penati offers a beautiful relaxing holiday. Use our contacts to book your stay in the heart of the golf resort.","og_url":"https:\/\/vilapenati.cz\/en\/contact\/","og_site_name":"Vila Penati","article_modified_time":"2022-10-31T13:30:47+00:00","twitter_card":"summary_large_image","twitter_misc":{"Est. reading time":"1 minute"},"schema":{"@context":"https:\/\/schema.org","@graph":[{"@type":"WebPage","@id":"https:\/\/vilapenati.cz\/en\/contact\/","url":"https:\/\/vilapenati.cz\/en\/contact\/","name":"Contact | Vila Penati","isPartOf":{"@id":"https:\/\/vilapenati.cz\/en\/#website"},"datePublished":"2019-05-17T07:13:09+00:00","dateModified":"2022-10-31T13:30:47+00:00","description":"Accommodation Villa Penati offers a beautiful relaxing holiday. Use our contacts to book your stay in the heart of the golf resort.","breadcrumb":{"@id":"https:\/\/vilapenati.cz\/en\/contact\/#breadcrumb"},"inLanguage":"en-US","potentialAction":[{"@type":"ReadAction","target":["https:\/\/vilapenati.cz\/en\/contact\/"]}]},{"@type":"BreadcrumbList","@id":"https:\/\/vilapenati.cz\/en\/contact\/#breadcrumb","itemListElement":[{"@type":"ListItem","position":1,"name":"Home","item":"https:\/\/vilapenati.cz\/en\/"},{"@type":"ListItem","position":2,"name":"Contact"}]},{"@type":"WebSite","@id":"https:\/\/vilapenati.cz\/en\/#website","url":"https:\/\/vilapenati.cz\/en\/","name":"Vila Penati","description":"Ubytov\u00e1n\u00ed v golfov\u00e9m resortu","publisher":{"@id":"https:\/\/vilapenati.cz\/en\/#organization"},"potentialAction":[{"@type":"SearchAction","target":{"@type":"EntryPoint","urlTemplate":"https:\/\/vilapenati.cz\/en\/?s={search_term_string}"},"query-input":{"@type":"PropertyValueSpecification","valueRequired":true,"valueName":"search_term_string"}}],"inLanguage":"en-US"},{"@type":"Organization","@id":"https:\/\/vilapenati.cz\/en\/#organization","name":"Vila Penati","url":"https:\/\/vilapenati.cz\/en\/","logo":{"@type":"ImageObject","inLanguage":"en-US","@id":"https:\/\/vilapenati.cz\/en\/#\/schema\/logo\/image\/","url":"https:\/\/vilapenati.cz\/wp-content\/uploads\/2022\/08\/logo-black.png","contentUrl":"https:\/\/vilapenati.cz\/wp-content\/uploads\/2022\/08\/logo-black.png","width":424,"height":102,"caption":"Vila Penati"},"image":{"@id":"https:\/\/vilapenati.cz\/en\/#\/schema\/logo\/image\/"}}]}},"_links":{"self":[{"href":"https:\/\/vilapenati.cz\/en\/wp-json\/wp\/v2\/pages\/4968","targetHints":{"allow":["GET"]}}],"collection":[{"href":"https:\/\/vilapenati.cz\/en\/wp-json\/wp\/v2\/pages"}],"about":[{"href":"https:\/\/vilapenati.cz\/en\/wp-json\/wp\/v2\/types\/page"}],"author":[{"embeddable":true,"href":"https:\/\/vilapenati.cz\/en\/wp-json\/wp\/v2\/users\/1"}],"replies":[{"embeddable":true,"href":"https:\/\/vilapenati.cz\/en\/wp-json\/wp\/v2\/comments?post=4968"}],"version-history":[{"count":0,"href":"https:\/\/vilapenati.cz\/en\/wp-json\/wp\/v2\/pages\/4968\/revisions"}],"wp:attachment":[{"href":"https:\/\/vilapenati.cz\/en\/wp-json\/wp\/v2\/media?parent=4968"}],"curies":[{"name":"wp","href":"https:\/\/api.w.org\/{rel}","templated":true}]}}