{"id":4950,"date":"2022-07-23T14:24:41","date_gmt":"2022-07-23T14:24:41","guid":{"rendered":"https:\/\/vilapenati.cz\/cookies\/"},"modified":"2022-10-31T13:30:55","modified_gmt":"2022-10-31T13:30:55","slug":"cookies","status":"publish","type":"page","link":"https:\/\/vilapenati.cz\/en\/cookies\/","title":{"rendered":"Cookies"},"content":{"rendered":"\t\t<div data-elementor-type=\"wp-post\" data-elementor-id=\"4950\" class=\"elementor elementor-4950\">\n\t\t\t\t\t\t<section class=\"elementor-section elementor-top-section elementor-element elementor-element-828d942 elementor-section-stretched elementor-section-boxed elementor-section-height-default elementor-section-height-default\" data-id=\"828d942\" data-element_type=\"section\" data-e-type=\"section\" data-settings=\"{&quot;stretch_section&quot;:&quot;section-stretched&quot;}\">\n\t\t\t\t\t\t<div class=\"elementor-container elementor-column-gap-no\">\n\t\t\t\t\t<div class=\"elementor-column elementor-col-100 elementor-top-column elementor-element elementor-element-40d1018\" data-id=\"40d1018\" data-element_type=\"column\" data-e-type=\"column\">\n\t\t\t<div class=\"elementor-widget-wrap elementor-element-populated\">\n\t\t\t\t\t\t<div class=\"elementor-element elementor-element-47ee07a elementor-widget elementor-widget-text-editor\" data-id=\"47ee07a\" data-element_type=\"widget\" data-e-type=\"widget\" data-widget_type=\"text-editor.default\">\n\t\t\t\t<div class=\"elementor-widget-container\">\n\t\t\t\t\t        <div class=\"elementor-text-editor elementor-clearfix\">In accordance with \u00a7 89 of Act No. 127\/2005 Coll., on electronic communications, we hereby inform you that our servers use so-called cookies for their operation.\n<h3><strong>What are Cookies?<\/strong><\/h3>\nCookies are small data files (a short text file) that are stored on individual computers using a web browser. Without these files, browsing the web would be more difficult and less comfortable. Thanks to cookies, the visited website remembers the actions and settings of the user, who does not have to enter them repeatedly. Repeat visits are therefore easier and more productive for the user.\n<h3><strong>Cookies can generally be divided into two types:<\/strong><\/h3>\n<ul>\n \t<li>Temporary cookies &#8211; are stored on your device only for the duration of the session (site visit). Most often, they allow information to be stored when you move from one website to another (for example, when you add a product to your cart in an e-shop and continue shopping).<\/li>\n \t<li>Persistent cookies &#8211; they stay on your computer longer. They help us to identify your device when you visit again (they do not allow us to identify you personally in any way and we store the relevant data in a completely anonymised way) and thus allow us to tailor our site and advertisements to your interests.<\/li>\n<\/ul>\nAnother group are so-called third-party cookies. They are characterised by the fact that they are controlled by third parties who obtain and collect this data. This includes, for example, a cookie for analysing Google Analytics traffic or the operators of the advertising systems used on our site.\n\nCookies do not pose a risk to your data, nor are they used to obtain sensitive personal data. We use cookies solely for measurement purposes and generally to ensure your maximum satisfaction. We do not use cookies to identify users or to misuse login credentials.\n\nEach user has the option to refuse the use of these files. However, it should be noted that in some cases it may not be necessary to display a particular service or product.\n\nCookies usually take up a few kilobytes on your device, so they take up almost no disk space.\n<h3><strong>What do we use cookies for?<\/strong><\/h3>\n<h3>Customizing settings<\/h3>\nWe use cookies to remember information that affects the look and feel of the site. Thanks to this fact, it is possible to personalize the website and it is not necessary to set it up every time you visit. For example, this could be your preferred language, text size or choice of service.\n<h3>Statistical purposes<\/h3>\nTo better understand what our readers are interested in and how they behave on our site, we use Google analytics. This stores anonymous cookies on each visit. Thanks to this information, we know how many users visit our site, what section or how often. This information is anonymised and is not linked to any specific person. Details about Google Analytics can be found <a href=\"https:\/\/marketingplatform.google.com\/about\/\">here<\/a>.\n<h3><strong>How can I affect the cookie settings on my computer?<\/strong><\/h3>\nIf your browser is enabled to use cookies, we will assume that you agree to the use of standard cookies on our websites. If you do not want to store these cookies, it is possible to block their use.\n\nYou can set and manage cookies in your browser. Every standard browser supports cookie management (Internet Explorer, Mozilla Firefox, Google Chrome, etc.).\n\nYou can delete, block, disable or enable each individual cookie on a per-website basis.\n\nYou can find the options for cookie management in the help section of your browser. Within the main browsers you will find information on:\n<ul>\n \t<li>Chrome: <a href=\"https:\/\/support.google.com\/chrome\/answer\/95647?co=GENIE.Platform%253DDesktop&amp;hl=cs\">here<\/a><\/li>\n \t<li>Edge: <a href=\"https:\/\/support.microsoft.com\/cs-cz\/windows\/microsoft-edge-data-o-proch%C3%A1zen%C3%AD-a-ochrana-soukrom%C3%AD-bb8174ba-9d73-dcf2-9b4a-c582b4e640dd\">here<\/a><\/li>\n \t<li>Internet Explorer: <a href=\"https:\/\/privacy.microsoft.com\/cs-cz\/privacystatement\">here<\/a><\/li>\n \t<li>Firefox: <a href=\"https:\/\/www.mozilla.org\/cs\/privacy\/\">here<\/a><\/li>\n<\/ul>\nIf you have any questions, you can contact us via email <a>rezervace@vilapenati.cz.<\/a>\n<h3><strong>Changing the cookie settings on this site<\/strong><\/h3>\nTo reset the cookie settings on this website, click here.<\/div>\n        \t\t\t\t<\/div>\n\t\t\t\t<\/div>\n\t\t\t\t\t<\/div>\n\t\t<\/div>\n\t\t\t\t\t<\/div>\n\t\t<\/section>\n\t\t\t\t<\/div>\n\t\t","protected":false},"excerpt":{"rendered":"<p>In accordance with \u00a7 89 of Act No. 127\/2005 Coll., on electronic communications, we hereby inform you that our servers use so-called cookies for their operation. What are Cookies? Cookies are small data files (a short text file) that are stored on individual computers using a web browser. Without these files, browsing the web would &hellip; <\/p>\n<p class=\"link-more\"><a href=\"https:\/\/vilapenati.cz\/en\/cookies\/\" class=\"more-link\">Read More <span class=\"screen-reader-text\"> &#8220;Cookies&#8221;<\/span><\/a><\/p>\n","protected":false},"author":1,"featured_media":0,"parent":0,"menu_order":0,"comment_status":"closed","ping_status":"closed","template":"page-elementor.php","meta":{"_monsterinsights_skip_tracking":false,"_monsterinsights_sitenote_active":false,"_monsterinsights_sitenote_note":"","_monsterinsights_sitenote_category":0,"footnotes":""},"class_list":["post-4950","page","type-page","status-publish","hentry"],"yoast_head":"<!-- This site is optimized with the Yoast SEO plugin v27.4 - https:\/\/yoast.com\/product\/yoast-seo-wordpress\/ -->\n<title>Cookies | Vila Penati<\/title>\n<meta name=\"robots\" content=\"noindex, follow\" \/>\n<meta property=\"og:locale\" content=\"en_US\" \/>\n<meta property=\"og:type\" content=\"article\" \/>\n<meta property=\"og:title\" content=\"Cookies | Vila Penati\" \/>\n<meta property=\"og:description\" content=\"In accordance with \u00a7 89 of Act No. 127\/2005 Coll., on electronic communications, we hereby inform you that our servers use so-called cookies for their operation. What are Cookies? Cookies are small data files (a short text file) that are stored on individual computers using a web browser. Without these files, browsing the web would &hellip; Read More &quot;Cookies&quot;\" \/>\n<meta property=\"og:url\" content=\"https:\/\/vilapenati.cz\/en\/cookies\/\" \/>\n<meta property=\"og:site_name\" content=\"Vila Penati\" \/>\n<meta property=\"article:modified_time\" content=\"2022-10-31T13:30:55+00:00\" \/>\n<meta name=\"twitter:card\" content=\"summary_large_image\" \/>\n<meta name=\"twitter:label1\" content=\"Est. reading time\" \/>\n\t<meta name=\"twitter:data1\" content=\"4 minutes\" \/>\n<script type=\"application\/ld+json\" class=\"yoast-schema-graph\">{\"@context\":\"https:\\\/\\\/schema.org\",\"@graph\":[{\"@type\":\"WebPage\",\"@id\":\"https:\\\/\\\/vilapenati.cz\\\/en\\\/cookies\\\/\",\"url\":\"https:\\\/\\\/vilapenati.cz\\\/en\\\/cookies\\\/\",\"name\":\"Cookies | Vila Penati\",\"isPartOf\":{\"@id\":\"https:\\\/\\\/vilapenati.cz\\\/en\\\/#website\"},\"datePublished\":\"2022-07-23T14:24:41+00:00\",\"dateModified\":\"2022-10-31T13:30:55+00:00\",\"breadcrumb\":{\"@id\":\"https:\\\/\\\/vilapenati.cz\\\/en\\\/cookies\\\/#breadcrumb\"},\"inLanguage\":\"en-US\",\"potentialAction\":[{\"@type\":\"ReadAction\",\"target\":[\"https:\\\/\\\/vilapenati.cz\\\/en\\\/cookies\\\/\"]}]},{\"@type\":\"BreadcrumbList\",\"@id\":\"https:\\\/\\\/vilapenati.cz\\\/en\\\/cookies\\\/#breadcrumb\",\"itemListElement\":[{\"@type\":\"ListItem\",\"position\":1,\"name\":\"Home\",\"item\":\"https:\\\/\\\/vilapenati.cz\\\/en\\\/\"},{\"@type\":\"ListItem\",\"position\":2,\"name\":\"Cookies\"}]},{\"@type\":\"WebSite\",\"@id\":\"https:\\\/\\\/vilapenati.cz\\\/en\\\/#website\",\"url\":\"https:\\\/\\\/vilapenati.cz\\\/en\\\/\",\"name\":\"Vila Penati\",\"description\":\"Ubytov\u00e1n\u00ed v golfov\u00e9m resortu\",\"publisher\":{\"@id\":\"https:\\\/\\\/vilapenati.cz\\\/en\\\/#organization\"},\"potentialAction\":[{\"@type\":\"SearchAction\",\"target\":{\"@type\":\"EntryPoint\",\"urlTemplate\":\"https:\\\/\\\/vilapenati.cz\\\/en\\\/?s={search_term_string}\"},\"query-input\":{\"@type\":\"PropertyValueSpecification\",\"valueRequired\":true,\"valueName\":\"search_term_string\"}}],\"inLanguage\":\"en-US\"},{\"@type\":\"Organization\",\"@id\":\"https:\\\/\\\/vilapenati.cz\\\/en\\\/#organization\",\"name\":\"Vila Penati\",\"url\":\"https:\\\/\\\/vilapenati.cz\\\/en\\\/\",\"logo\":{\"@type\":\"ImageObject\",\"inLanguage\":\"en-US\",\"@id\":\"https:\\\/\\\/vilapenati.cz\\\/en\\\/#\\\/schema\\\/logo\\\/image\\\/\",\"url\":\"https:\\\/\\\/vilapenati.cz\\\/wp-content\\\/uploads\\\/2022\\\/08\\\/logo-black.png\",\"contentUrl\":\"https:\\\/\\\/vilapenati.cz\\\/wp-content\\\/uploads\\\/2022\\\/08\\\/logo-black.png\",\"width\":424,\"height\":102,\"caption\":\"Vila Penati\"},\"image\":{\"@id\":\"https:\\\/\\\/vilapenati.cz\\\/en\\\/#\\\/schema\\\/logo\\\/image\\\/\"}}]}<\/script>\n<!-- \/ Yoast SEO plugin. -->","yoast_head_json":{"title":"Cookies | Vila Penati","robots":{"index":"noindex","follow":"follow"},"og_locale":"en_US","og_type":"article","og_title":"Cookies | Vila Penati","og_description":"In accordance with \u00a7 89 of Act No. 127\/2005 Coll., on electronic communications, we hereby inform you that our servers use so-called cookies for their operation. What are Cookies? Cookies are small data files (a short text file) that are stored on individual computers using a web browser. Without these files, browsing the web would &hellip; Read More \"Cookies\"","og_url":"https:\/\/vilapenati.cz\/en\/cookies\/","og_site_name":"Vila Penati","article_modified_time":"2022-10-31T13:30:55+00:00","twitter_card":"summary_large_image","twitter_misc":{"Est. reading time":"4 minutes"},"schema":{"@context":"https:\/\/schema.org","@graph":[{"@type":"WebPage","@id":"https:\/\/vilapenati.cz\/en\/cookies\/","url":"https:\/\/vilapenati.cz\/en\/cookies\/","name":"Cookies | Vila Penati","isPartOf":{"@id":"https:\/\/vilapenati.cz\/en\/#website"},"datePublished":"2022-07-23T14:24:41+00:00","dateModified":"2022-10-31T13:30:55+00:00","breadcrumb":{"@id":"https:\/\/vilapenati.cz\/en\/cookies\/#breadcrumb"},"inLanguage":"en-US","potentialAction":[{"@type":"ReadAction","target":["https:\/\/vilapenati.cz\/en\/cookies\/"]}]},{"@type":"BreadcrumbList","@id":"https:\/\/vilapenati.cz\/en\/cookies\/#breadcrumb","itemListElement":[{"@type":"ListItem","position":1,"name":"Home","item":"https:\/\/vilapenati.cz\/en\/"},{"@type":"ListItem","position":2,"name":"Cookies"}]},{"@type":"WebSite","@id":"https:\/\/vilapenati.cz\/en\/#website","url":"https:\/\/vilapenati.cz\/en\/","name":"Vila Penati","description":"Ubytov\u00e1n\u00ed v golfov\u00e9m resortu","publisher":{"@id":"https:\/\/vilapenati.cz\/en\/#organization"},"potentialAction":[{"@type":"SearchAction","target":{"@type":"EntryPoint","urlTemplate":"https:\/\/vilapenati.cz\/en\/?s={search_term_string}"},"query-input":{"@type":"PropertyValueSpecification","valueRequired":true,"valueName":"search_term_string"}}],"inLanguage":"en-US"},{"@type":"Organization","@id":"https:\/\/vilapenati.cz\/en\/#organization","name":"Vila Penati","url":"https:\/\/vilapenati.cz\/en\/","logo":{"@type":"ImageObject","inLanguage":"en-US","@id":"https:\/\/vilapenati.cz\/en\/#\/schema\/logo\/image\/","url":"https:\/\/vilapenati.cz\/wp-content\/uploads\/2022\/08\/logo-black.png","contentUrl":"https:\/\/vilapenati.cz\/wp-content\/uploads\/2022\/08\/logo-black.png","width":424,"height":102,"caption":"Vila Penati"},"image":{"@id":"https:\/\/vilapenati.cz\/en\/#\/schema\/logo\/image\/"}}]}},"_links":{"self":[{"href":"https:\/\/vilapenati.cz\/en\/wp-json\/wp\/v2\/pages\/4950","targetHints":{"allow":["GET"]}}],"collection":[{"href":"https:\/\/vilapenati.cz\/en\/wp-json\/wp\/v2\/pages"}],"about":[{"href":"https:\/\/vilapenati.cz\/en\/wp-json\/wp\/v2\/types\/page"}],"author":[{"embeddable":true,"href":"https:\/\/vilapenati.cz\/en\/wp-json\/wp\/v2\/users\/1"}],"replies":[{"embeddable":true,"href":"https:\/\/vilapenati.cz\/en\/wp-json\/wp\/v2\/comments?post=4950"}],"version-history":[{"count":0,"href":"https:\/\/vilapenati.cz\/en\/wp-json\/wp\/v2\/pages\/4950\/revisions"}],"wp:attachment":[{"href":"https:\/\/vilapenati.cz\/en\/wp-json\/wp\/v2\/media?parent=4950"}],"curies":[{"name":"wp","href":"https:\/\/api.w.org\/{rel}","templated":true}]}}