{"id":4948,"date":"2022-07-26T21:12:27","date_gmt":"2022-07-26T21:12:27","guid":{"rendered":"https:\/\/vilapenati.cz\/reservations\/"},"modified":"2022-10-31T13:32:07","modified_gmt":"2022-10-31T13:32:07","slug":"reservation","status":"publish","type":"page","link":"https:\/\/vilapenati.cz\/en\/reservation\/","title":{"rendered":"Reservation"},"content":{"rendered":"\t\t<div data-elementor-type=\"wp-post\" data-elementor-id=\"4948\" class=\"elementor elementor-4948\">\n\t\t\t\t\t\t<section class=\"elementor-section elementor-top-section elementor-element elementor-element-c648961 elementor-section-stretched elementor-section-boxed elementor-section-height-default elementor-section-height-default\" data-id=\"c648961\" data-element_type=\"section\" data-e-type=\"section\" data-settings=\"{&quot;stretch_section&quot;:&quot;section-stretched&quot;,&quot;background_background&quot;:&quot;classic&quot;}\">\n\t\t\t\t\t\t<div class=\"elementor-container elementor-column-gap-no\">\n\t\t\t\t\t<div class=\"elementor-column elementor-col-33 elementor-top-column elementor-element elementor-element-abbb551 elementor-hidden-mobile\" data-id=\"abbb551\" data-element_type=\"column\" data-e-type=\"column\">\n\t\t\t<div class=\"elementor-widget-wrap\">\n\t\t\t\t\t\t\t<\/div>\n\t\t<\/div>\n\t\t\t\t<div class=\"elementor-column elementor-col-33 elementor-top-column elementor-element elementor-element-dfca25e\" data-id=\"dfca25e\" data-element_type=\"column\" data-e-type=\"column\">\n\t\t\t<div class=\"elementor-widget-wrap elementor-element-populated\">\n\t\t\t\t\t\t<div class=\"elementor-element elementor-element-dfddfc7 elementor-invisible elementor-widget elementor-widget-heading\" data-id=\"dfddfc7\" data-element_type=\"widget\" data-e-type=\"widget\" data-settings=\"{&quot;_animation&quot;:&quot;fadeInUp&quot;}\" data-widget_type=\"heading.default\">\n\t\t\t\t<div class=\"elementor-widget-container\">\n\t\t\t\t\t<div class=\"decor\"><span class=\"dot\"><\/span><\/div><span class=\"sub-title\">Villa no. 642<\/span><h2 class=\"elementor-heading-title elementor-size-default\">Reservation of accommodation<\/h2>\t\t\t\t<\/div>\n\t\t\t\t<\/div>\n\t\t\t\t<div class=\"elementor-element elementor-element-e77ac62 elementor-invisible elementor-widget elementor-widget-text-editor\" data-id=\"e77ac62\" data-element_type=\"widget\" data-e-type=\"widget\" data-settings=\"{&quot;_animation&quot;:&quot;fadeInUp&quot;}\" data-widget_type=\"text-editor.default\">\n\t\t\t\t<div class=\"elementor-widget-container\">\n\t\t\t\t\t        <div class=\"elementor-text-editor elementor-clearfix\"><p>Check availability first, then make your reservation.<\/p><\/div>\n        \t\t\t\t<\/div>\n\t\t\t\t<\/div>\n\t\t\t\t<div class=\"elementor-element elementor-element-96b37fb elementor-invisible elementor-widget elementor-widget-shortcode\" data-id=\"96b37fb\" data-element_type=\"widget\" data-e-type=\"widget\" data-settings=\"{&quot;_animation&quot;:&quot;fadeInUp&quot;}\" data-widget_type=\"shortcode.default\">\n\t\t\t\t<div class=\"elementor-widget-container\">\n\t\t\t\t\t\t\t<div class=\"elementor-shortcode\"><div class=\"mphb_sc_booking_form-wrapper is-direct-booking mphbs-hide-rf-tip\">\t<form method=\"POST\" action=\"https:\/\/vilapenati.cz\/en\/confirmation-of-reservation\/\" class=\"mphb-booking-form mphb-booking-form--direct-booking\" id=\"booking-form-4980\" data-first_available_check_in_date=\"2026-04-23\">\n\n\t\t<p class=\"mphb-required-fields-tip\"><small>Required fields are followed by <abbr title=\"required\">*<\/abbr><\/small><\/p>\n\t\t<input type=\"hidden\" id=\"mphb-checkout-nonce\" name=\"mphb-checkout-nonce\" value=\"d3f55ba0fa\" \/><input type=\"hidden\" name=\"_wp_http_referer\" value=\"\/en\/wp-json\/wp\/v2\/pages\/4948\" \/>\t\t\t\t<input type=\"hidden\" name=\"mphb_room_type_id\" value=\"4980\" \/>\n\t\t<p class=\"mphb-check-in-date-wrapper\">\n\t\t\t<label for=\"mphb_check_in_date-69e9f3731783f\">\n\t\t\t\tCheck-in Date\t\t\t\t<abbr title=\"Formatted as dd\/mm\/yyyy\">*<\/abbr>\n\t\t\t<\/label>\n\t\t\t<br \/>\n\t\t\t<input id=\"mphb_check_in_date-69e9f3731783f\" type=\"text\" class=\"mphb-datepick\" value=\"\" required=\"required\" autocomplete=\"off\" placeholder=\"Check-in Date\" inputmode=\"none\" \/>\n\t\t\t<input id=\"mphb_check_in_date-69e9f3731783f-hidden\" type=\"hidden\" name=\"mphb_check_in_date\" value=\"\" \/>\n\t\t<\/p>\n\t\t<p class=\"mphb-check-out-date-wrapper\">\n\t\t\t<label for=\"mphb_check_out_date-69e9f3731783f\">\n\t\t\t\tCheck-out Date\t\t\t\t<abbr title=\"Formatted as dd\/mm\/yyyy\">*<\/abbr>\n\t\t\t<\/label>\n\t\t\t<br \/>\n\t\t\t<input id=\"mphb_check_out_date-69e9f3731783f\" type=\"text\" class=\"mphb-datepick\" value=\"\" required=\"required\" autocomplete=\"off\" placeholder=\"Check-out Date\" inputmode=\"none\" \/>\n\t\t\t<input id=\"mphb_check_out_date-69e9f3731783f-hidden\" type=\"hidden\" name=\"mphb_check_out_date\" value=\"\" \/>\n\t\t<\/p>\n\t\t\t\t\t\t\t<div class=\"mphb-reserve-room-section mphb-hide\">\n\t\t\t\t<p class=\"mphb-rooms-quantity-wrapper mphb-rooms-quantity-multiple mphb-hide\">\n\t\t\t\tReserve <select class=\"mphb-rooms-quantity\" id=\"mphb-rooms-quantity-4980\" name=\"mphb_rooms_details[4980]\"><option value=\"1\" selected=\"selected\">1<\/option><\/select> of <span class=\"mphb-available-rooms-count\">1<\/span> available accommodations.\t\t\t\t<\/p>\n\t\t\t\t<p class=\"mphb-rooms-quantity-wrapper mphb-rooms-quantity-single mphb-hide\">\n\t\t\t\t\tVilla Penati is available for selected dates.\t\t\t\t<\/p>\n\t\t\t\t\t\t\t\t<input type=\"hidden\" name=\"mphb_is_direct_booking\" value=\"1\" \/>\n\t\t\t\t<input class=\"button mphb-button mphb-confirm-reservation\" type=\"submit\" value=\"Confirm Reservation\" \/>\n\t\t\t<\/div>\n\t\t\n\t\t<div class=\"mphb-errors-wrapper mphb-hide\"><\/div>\n\t\t<p class=\"mphb-reserve-btn-wrapper\">\n\t\t\t<input class=\"mphb-reserve-btn button\" type=\"submit\" value=\"Check Availability\" \/>\n\t\t<\/p>\n\t<\/form>\n\t<\/div><\/div>\n\t\t\t\t\t\t<\/div>\n\t\t\t\t<\/div>\n\t\t\t\t\t<\/div>\n\t\t<\/div>\n\t\t\t\t<div class=\"elementor-column elementor-col-33 elementor-top-column elementor-element elementor-element-6b723c3 elementor-hidden-mobile\" data-id=\"6b723c3\" data-element_type=\"column\" data-e-type=\"column\">\n\t\t\t<div class=\"elementor-widget-wrap\">\n\t\t\t\t\t\t\t<\/div>\n\t\t<\/div>\n\t\t\t\t\t<\/div>\n\t\t<\/section>\n\t\t\t\t<\/div>\n\t\t","protected":false},"excerpt":{"rendered":"<p>Villa no. 642 Reservation of accommodation Check availability first, then make your reservation.<\/p>\n","protected":false},"author":1,"featured_media":0,"parent":0,"menu_order":0,"comment_status":"closed","ping_status":"closed","template":"page-elementor.php","meta":{"_monsterinsights_skip_tracking":false,"_monsterinsights_sitenote_active":false,"_monsterinsights_sitenote_note":"","_monsterinsights_sitenote_category":0,"footnotes":""},"class_list":["post-4948","page","type-page","status-publish","hentry"],"yoast_head":"<!-- This site is optimized with the Yoast SEO plugin v27.4 - https:\/\/yoast.com\/product\/yoast-seo-wordpress\/ -->\n<title>Reservation | Vila Penati<\/title>\n<meta name=\"description\" content=\"Come and relax in a modern resort with one of the best golf courses in Europe. Reservations are ready in minutes.\" \/>\n<meta name=\"robots\" content=\"index, follow, max-snippet:-1, max-image-preview:large, max-video-preview:-1\" \/>\n<link rel=\"canonical\" href=\"https:\/\/vilapenati.cz\/en\/reservation\/\" \/>\n<meta property=\"og:locale\" content=\"en_US\" \/>\n<meta property=\"og:type\" content=\"article\" \/>\n<meta property=\"og:title\" content=\"Reservation | Vila Penati\" \/>\n<meta property=\"og:description\" content=\"Come and relax in a modern resort with one of the best golf courses in Europe. Reservations are ready in minutes.\" \/>\n<meta property=\"og:url\" content=\"https:\/\/vilapenati.cz\/en\/reservation\/\" \/>\n<meta property=\"og:site_name\" content=\"Vila Penati\" \/>\n<meta property=\"article:modified_time\" content=\"2022-10-31T13:32:07+00:00\" \/>\n<meta name=\"twitter:card\" content=\"summary_large_image\" \/>\n<meta name=\"twitter:label1\" content=\"Est. reading time\" \/>\n\t<meta name=\"twitter:data1\" content=\"1 minute\" \/>\n<script type=\"application\/ld+json\" class=\"yoast-schema-graph\">{\"@context\":\"https:\\\/\\\/schema.org\",\"@graph\":[{\"@type\":\"WebPage\",\"@id\":\"https:\\\/\\\/vilapenati.cz\\\/en\\\/reservation\\\/\",\"url\":\"https:\\\/\\\/vilapenati.cz\\\/en\\\/reservation\\\/\",\"name\":\"Reservation | Vila Penati\",\"isPartOf\":{\"@id\":\"https:\\\/\\\/vilapenati.cz\\\/en\\\/#website\"},\"datePublished\":\"2022-07-26T21:12:27+00:00\",\"dateModified\":\"2022-10-31T13:32:07+00:00\",\"description\":\"Come and relax in a modern resort with one of the best golf courses in Europe. Reservations are ready in minutes.\",\"breadcrumb\":{\"@id\":\"https:\\\/\\\/vilapenati.cz\\\/en\\\/reservation\\\/#breadcrumb\"},\"inLanguage\":\"en-US\",\"potentialAction\":[{\"@type\":\"ReadAction\",\"target\":[\"https:\\\/\\\/vilapenati.cz\\\/en\\\/reservation\\\/\"]}]},{\"@type\":\"BreadcrumbList\",\"@id\":\"https:\\\/\\\/vilapenati.cz\\\/en\\\/reservation\\\/#breadcrumb\",\"itemListElement\":[{\"@type\":\"ListItem\",\"position\":1,\"name\":\"Home\",\"item\":\"https:\\\/\\\/vilapenati.cz\\\/en\\\/\"},{\"@type\":\"ListItem\",\"position\":2,\"name\":\"Reservation\"}]},{\"@type\":\"WebSite\",\"@id\":\"https:\\\/\\\/vilapenati.cz\\\/en\\\/#website\",\"url\":\"https:\\\/\\\/vilapenati.cz\\\/en\\\/\",\"name\":\"Vila Penati\",\"description\":\"Ubytov\u00e1n\u00ed v golfov\u00e9m resortu\",\"publisher\":{\"@id\":\"https:\\\/\\\/vilapenati.cz\\\/en\\\/#organization\"},\"potentialAction\":[{\"@type\":\"SearchAction\",\"target\":{\"@type\":\"EntryPoint\",\"urlTemplate\":\"https:\\\/\\\/vilapenati.cz\\\/en\\\/?s={search_term_string}\"},\"query-input\":{\"@type\":\"PropertyValueSpecification\",\"valueRequired\":true,\"valueName\":\"search_term_string\"}}],\"inLanguage\":\"en-US\"},{\"@type\":\"Organization\",\"@id\":\"https:\\\/\\\/vilapenati.cz\\\/en\\\/#organization\",\"name\":\"Vila Penati\",\"url\":\"https:\\\/\\\/vilapenati.cz\\\/en\\\/\",\"logo\":{\"@type\":\"ImageObject\",\"inLanguage\":\"en-US\",\"@id\":\"https:\\\/\\\/vilapenati.cz\\\/en\\\/#\\\/schema\\\/logo\\\/image\\\/\",\"url\":\"https:\\\/\\\/vilapenati.cz\\\/wp-content\\\/uploads\\\/2022\\\/08\\\/logo-black.png\",\"contentUrl\":\"https:\\\/\\\/vilapenati.cz\\\/wp-content\\\/uploads\\\/2022\\\/08\\\/logo-black.png\",\"width\":424,\"height\":102,\"caption\":\"Vila Penati\"},\"image\":{\"@id\":\"https:\\\/\\\/vilapenati.cz\\\/en\\\/#\\\/schema\\\/logo\\\/image\\\/\"}}]}<\/script>\n<!-- \/ Yoast SEO plugin. -->","yoast_head_json":{"title":"Reservation | Vila Penati","description":"Come and relax in a modern resort with one of the best golf courses in Europe. Reservations are ready in minutes.","robots":{"index":"index","follow":"follow","max-snippet":"max-snippet:-1","max-image-preview":"max-image-preview:large","max-video-preview":"max-video-preview:-1"},"canonical":"https:\/\/vilapenati.cz\/en\/reservation\/","og_locale":"en_US","og_type":"article","og_title":"Reservation | Vila Penati","og_description":"Come and relax in a modern resort with one of the best golf courses in Europe. Reservations are ready in minutes.","og_url":"https:\/\/vilapenati.cz\/en\/reservation\/","og_site_name":"Vila Penati","article_modified_time":"2022-10-31T13:32:07+00:00","twitter_card":"summary_large_image","twitter_misc":{"Est. reading time":"1 minute"},"schema":{"@context":"https:\/\/schema.org","@graph":[{"@type":"WebPage","@id":"https:\/\/vilapenati.cz\/en\/reservation\/","url":"https:\/\/vilapenati.cz\/en\/reservation\/","name":"Reservation | Vila Penati","isPartOf":{"@id":"https:\/\/vilapenati.cz\/en\/#website"},"datePublished":"2022-07-26T21:12:27+00:00","dateModified":"2022-10-31T13:32:07+00:00","description":"Come and relax in a modern resort with one of the best golf courses in Europe. Reservations are ready in minutes.","breadcrumb":{"@id":"https:\/\/vilapenati.cz\/en\/reservation\/#breadcrumb"},"inLanguage":"en-US","potentialAction":[{"@type":"ReadAction","target":["https:\/\/vilapenati.cz\/en\/reservation\/"]}]},{"@type":"BreadcrumbList","@id":"https:\/\/vilapenati.cz\/en\/reservation\/#breadcrumb","itemListElement":[{"@type":"ListItem","position":1,"name":"Home","item":"https:\/\/vilapenati.cz\/en\/"},{"@type":"ListItem","position":2,"name":"Reservation"}]},{"@type":"WebSite","@id":"https:\/\/vilapenati.cz\/en\/#website","url":"https:\/\/vilapenati.cz\/en\/","name":"Vila Penati","description":"Ubytov\u00e1n\u00ed v golfov\u00e9m resortu","publisher":{"@id":"https:\/\/vilapenati.cz\/en\/#organization"},"potentialAction":[{"@type":"SearchAction","target":{"@type":"EntryPoint","urlTemplate":"https:\/\/vilapenati.cz\/en\/?s={search_term_string}"},"query-input":{"@type":"PropertyValueSpecification","valueRequired":true,"valueName":"search_term_string"}}],"inLanguage":"en-US"},{"@type":"Organization","@id":"https:\/\/vilapenati.cz\/en\/#organization","name":"Vila Penati","url":"https:\/\/vilapenati.cz\/en\/","logo":{"@type":"ImageObject","inLanguage":"en-US","@id":"https:\/\/vilapenati.cz\/en\/#\/schema\/logo\/image\/","url":"https:\/\/vilapenati.cz\/wp-content\/uploads\/2022\/08\/logo-black.png","contentUrl":"https:\/\/vilapenati.cz\/wp-content\/uploads\/2022\/08\/logo-black.png","width":424,"height":102,"caption":"Vila Penati"},"image":{"@id":"https:\/\/vilapenati.cz\/en\/#\/schema\/logo\/image\/"}}]}},"_links":{"self":[{"href":"https:\/\/vilapenati.cz\/en\/wp-json\/wp\/v2\/pages\/4948","targetHints":{"allow":["GET"]}}],"collection":[{"href":"https:\/\/vilapenati.cz\/en\/wp-json\/wp\/v2\/pages"}],"about":[{"href":"https:\/\/vilapenati.cz\/en\/wp-json\/wp\/v2\/types\/page"}],"author":[{"embeddable":true,"href":"https:\/\/vilapenati.cz\/en\/wp-json\/wp\/v2\/users\/1"}],"replies":[{"embeddable":true,"href":"https:\/\/vilapenati.cz\/en\/wp-json\/wp\/v2\/comments?post=4948"}],"version-history":[{"count":0,"href":"https:\/\/vilapenati.cz\/en\/wp-json\/wp\/v2\/pages\/4948\/revisions"}],"wp:attachment":[{"href":"https:\/\/vilapenati.cz\/en\/wp-json\/wp\/v2\/media?parent=4948"}],"curies":[{"name":"wp","href":"https:\/\/api.w.org\/{rel}","templated":true}]}}